{"id":1422,"date":"2025-03-01T17:15:53","date_gmt":"2025-03-01T17:15:53","guid":{"rendered":"https:\/\/www.talio.fr\/condiciones-generales\/"},"modified":"2025-03-04T06:32:52","modified_gmt":"2025-03-04T06:32:52","slug":"condiciones-generales","status":"publish","type":"page","link":"https:\/\/www.talio.fr\/es\/condiciones-generales\/","title":{"rendered":"Condiciones generales"},"content":{"rendered":"\t\t<div data-elementor-type=\"wp-page\" data-elementor-id=\"1422\" class=\"elementor elementor-1422 elementor-1160\" data-elementor-post-type=\"page\">\n\t\t\t\t<div class=\"elementor-element elementor-element-5834707 e-flex e-con-boxed e-con e-parent\" data-id=\"5834707\" data-element_type=\"container\">\n\t\t\t\t\t<div class=\"e-con-inner\">\n\t\t\t\t<div class=\"elementor-element elementor-element-57dc8e7 elementor-widget elementor-widget-spacer\" data-id=\"57dc8e7\" data-element_type=\"widget\" data-widget_type=\"spacer.default\">\n\t\t\t\t<div class=\"elementor-widget-container\">\n\t\t\t\t\t\t\t<div class=\"elementor-spacer\">\n\t\t\t<div class=\"elementor-spacer-inner\"><\/div>\n\t\t<\/div>\n\t\t\t\t\t\t<\/div>\n\t\t\t\t<\/div>\n\t\t\t\t<div class=\"elementor-element elementor-element-c833d08 elementor-widget elementor-widget-heading\" data-id=\"c833d08\" data-element_type=\"widget\" data-widget_type=\"heading.default\">\n\t\t\t\t<div class=\"elementor-widget-container\">\n\t\t\t\t\t<h2 class=\"elementor-heading-title elementor-size-default\">Condiciones generales de venta - Alquiler de temporada<\/h2>\t\t\t\t<\/div>\n\t\t\t\t<\/div>\n\t\t\t\t<div class=\"elementor-element elementor-element-af1682d elementor-widget elementor-widget-text-editor\" data-id=\"af1682d\" data-element_type=\"widget\" data-widget_type=\"text-editor.default\">\n\t\t\t\t<div class=\"elementor-widget-container\">\n\t\t\t\t\t\t\t\t\t<h3 data-start=\"269\" data-end=\"329\">Ubicaci\u00f3n de Talio &#8211; Apartamento en Vielle-Saint-Girons<\/h3><p data-start=\"391\" data-end=\"699\">Empresa: Talio Location, SAS con capital de 10.000 euros, inscrita en el RCS de Versalles con el n\u00famero 934 354 762<br data-start=\"509\" data-end=\"512\">Domicilio social: 27 Route du Ch\u00eane Monsieur, 78270 Notre-Dame-de-la-Mer<br data-start=\"585\" data-end=\"588\">Contacto: location@talio.fr &#8211; 06.61.68.70.60<br data-start=\"645\" data-end=\"648\">Alojamiento tur\u00edstico declarado y registrado<\/p><hr data-start=\"701\" data-end=\"704\"><h3 data-start=\"706\" data-end=\"723\">1. Asunto<\/h3><p data-start=\"724\" data-end=\"892\">Las presentes Condiciones Generales de Venta rigen el alquiler de temporada del piso situado en Vielle-Saint-Girons y especifican las obligaciones de las partes.<\/p><h3 data-start=\"894\" data-end=\"929\">2. Reserva y pago<\/h3><ul data-start=\"930\" data-end=\"1167\"><li data-start=\"930\" data-end=\"998\">Las reservas s\u00f3lo se confirman una vez recibido el pago completo.<\/li><li data-start=\"999\" data-end=\"1086\">Se tomar\u00e1 una impresi\u00f3n bancaria de 400 euros como dep\u00f3sito 4 d\u00edas antes de la fecha de inicio de la reserva.<\/li><li data-start=\"1087\" data-end=\"1167\">Toda reserva implica la aceptaci\u00f3n de estas condiciones.<\/li><\/ul><h3 data-start=\"1169\" data-end=\"1212\">3. Horario de llegada y salida<\/h3><ul data-start=\"1213\" data-end=\"1367\"><li data-start=\"1213\" data-end=\"1304\">Llegada: a partir de las 17.00 horas. Se enviar\u00e1 un SMS en caso de disponibilidad anticipada. <\/li><li data-start=\"1305\" data-end=\"1367\">Salida: el piso debe quedar libre como muy tarde a las 9.45 h.<\/li><\/ul><h3 data-start=\"1369\" data-end=\"1402\">4. Acceso al piso<\/h3><ul data-start=\"1403\" data-end=\"1558\"><li data-start=\"1403\" data-end=\"1476\">La entrada es independiente a trav\u00e9s de una caja fuerte con llave.<\/li><li data-start=\"1477\" data-end=\"1558\">En el piso hay un c\u00f3digo de acceso al aparcamiento privado.<\/li><\/ul><h3 data-start=\"1560\" data-end=\"1602\">5. Equipamiento y servicios incluidos<\/h3><ul data-start=\"1603\" data-end=\"2014\"><li data-start=\"1603\" data-end=\"1624\">Wi-Fi gratuito<\/li><li data-start=\"1625\" data-end=\"1715\">Televisi\u00f3n conectada (Netflix, Amazon Prime, etc., accesibles a trav\u00e9s de las cuentas de los inquilinos)<\/li><li data-start=\"1716\" data-end=\"1757\">Altavoces SONOS (Deezer, Spotify&#8230; accesibles a trav\u00e9s de las cuentas de los inquilinos)<\/li><li data-start=\"1758\" data-end=\"1809\">Se proporciona ropa de cama para todas las camas<\/li><\/ul><h3 data-start=\"2016\" data-end=\"2069\">6. Condiciones de uso del piso<\/h3><ul><li style=\"list-style-type: none;\"><ul><li data-start=\"2070\" data-end=\"2253\">Limpieza: El inquilino debe dejar el piso en condiciones de limpieza:<ul><li data-start=\"2154\" data-end=\"2222\">Papeleras vaciadas y depositadas en contenedores exteriores.<\/li><li data-start=\"2225\" data-end=\"2253\">Lavavajillas vaciado.<\/li><\/ul><\/li><li data-start=\"2280\" data-end=\"2306\">No se admiten animales de compa\u00f1\u00eda.<\/li><li data-start=\"2309\" data-end=\"2369\">No fumar ni vaporizar en el piso.<\/li><\/ul><\/li><\/ul><h3 data-start=\"2371\" data-end=\"2410\">7. Fianza<\/h3><ul data-start=\"2411\" data-end=\"2634\"><li data-start=\"2411\" data-end=\"2481\">Se realiza autom\u00e1ticamente una transferencia bancaria de 400 euros 4 d\u00edas antes de la llegada utilizando la tarjeta de cr\u00e9dito utilizada para hacer la reserva.<\/li><li data-start=\"2482\" data-end=\"2634\">Esta fianza se liberar\u00e1 en las 48 horas siguientes a la salida, siempre que no se hayan producido da\u00f1os en la vivienda ni se hayan incumplido las condiciones de limpieza.<\/li><\/ul><h3 data-start=\"2636\" data-end=\"2671\">8. Condiciones de cancelaci\u00f3n<\/h3><ul data-start=\"2672\" data-end=\"2849\"><li data-start=\"2672\" data-end=\"2787\">Cancelaci\u00f3n hasta 21 d\u00edas antes de la llegada: reembolso completo menos 31 euros de gastos de plataforma.<\/li><li data-start=\"2788\" data-end=\"2849\">Cancelaci\u00f3n con menos de 21 d\u00edas de antelaci\u00f3n: no hay reembolso.<\/li><\/ul><h3 data-start=\"2851\" data-end=\"2890\">9. Responsabilidad civil y seguros<\/h3><ul data-start=\"2891\" data-end=\"3081\"><li data-start=\"2891\" data-end=\"2984\">El inquilino es responsable de cualquier da\u00f1o causado al piso y a su equipamiento.<\/li><li data-start=\"2985\" data-end=\"3081\">Te recomendamos que contrates un seguro de vacaciones para cubrir los riesgos del alquiler.<\/li><\/ul><h3 data-start=\"3083\" data-end=\"3123\">10. Ley aplicable y litigios<\/h3><ul data-start=\"3124\" data-end=\"3276\"><li data-start=\"3124\" data-end=\"3178\">Estas CGV se rigen por la legislaci\u00f3n francesa.<\/li><li data-start=\"3179\" data-end=\"3276\">En caso de litigio, la jurisdicci\u00f3n competente ser\u00e1 la del domicilio social de Talio Location.<\/li><\/ul>\t\t\t\t\t\t\t\t<\/div>\n\t\t\t\t<\/div>\n\t\t\t\t\t<\/div>\n\t\t\t\t<\/div>\n\t\t\t\t<\/div>\n\t\t","protected":false},"excerpt":{"rendered":"<p>Condiciones generales de venta &#8211; Alquiler de temporada Ubicaci\u00f3n de Talio &#8211; Apartamento en Vielle-Saint-Girons Empresa: Talio Location, SAS con capital de 10.000 euros, inscrita en el RCS de Versalles con el n\u00famero 934 354 762Domicilio social: 27 Route du Ch\u00eane Monsieur, 78270 Notre-Dame-de-la-MerContacto: location@talio.fr &#8211; 06.61.68.70.60Alojamiento tur\u00edstico declarado y registrado 1. Asunto Las presentes [&hellip;]<\/p>\n","protected":false},"author":1,"featured_media":0,"parent":0,"menu_order":0,"comment_status":"closed","ping_status":"closed","template":"","meta":{"site-sidebar-layout":"no-sidebar","site-content-layout":"page-builder","ast-site-content-layout":"full-width-container","site-content-style":"default","site-sidebar-style":"default","ast-global-header-display":"","ast-banner-title-visibility":"","ast-main-header-display":"","ast-hfb-above-header-display":"","ast-hfb-below-header-display":"","ast-hfb-mobile-header-display":"","site-post-title":"disabled","ast-breadcrumbs-content":"","ast-featured-img":"disabled","footer-sml-layout":"","theme-transparent-header-meta":"","adv-header-id-meta":"","stick-header-meta":"","header-above-stick-meta":"","header-main-stick-meta":"","header-below-stick-meta":"","astra-migrate-meta-layouts":"default","ast-page-background-enabled":"default","ast-page-background-meta":{"desktop":{"background-color":"","background-image":"","background-repeat":"repeat","background-position":"center center","background-size":"auto","background-attachment":"scroll","background-type":"","background-media":"","overlay-type":"","overlay-color":"","overlay-opacity":"","overlay-gradient":""},"tablet":{"background-color":"","background-image":"","background-repeat":"repeat","background-position":"center center","background-size":"auto","background-attachment":"scroll","background-type":"","background-media":"","overlay-type":"","overlay-color":"","overlay-opacity":"","overlay-gradient":""},"mobile":{"background-color":"","background-image":"","background-repeat":"repeat","background-position":"center center","background-size":"auto","background-attachment":"scroll","background-type":"","background-media":"","overlay-type":"","overlay-color":"","overlay-opacity":"","overlay-gradient":""}},"ast-content-background-meta":{"desktop":{"background-color":"var(--ast-global-color-5)","background-image":"","background-repeat":"repeat","background-position":"center center","background-size":"auto","background-attachment":"scroll","background-type":"","background-media":"","overlay-type":"","overlay-color":"","overlay-opacity":"","overlay-gradient":""},"tablet":{"background-color":"var(--ast-global-color-5)","background-image":"","background-repeat":"repeat","background-position":"center center","background-size":"auto","background-attachment":"scroll","background-type":"","background-media":"","overlay-type":"","overlay-color":"","overlay-opacity":"","overlay-gradient":""},"mobile":{"background-color":"var(--ast-global-color-5)","background-image":"","background-repeat":"repeat","background-position":"center center","background-size":"auto","background-attachment":"scroll","background-type":"","background-media":"","overlay-type":"","overlay-color":"","overlay-opacity":"","overlay-gradient":""}},"footnotes":""},"class_list":["post-1422","page","type-page","status-publish","hentry"],"yoast_head":"<!-- This site is optimized with the Yoast SEO plugin v26.2 - https:\/\/yoast.com\/wordpress\/plugins\/seo\/ -->\n<title>Condiciones generales - Saint Girons Playa<\/title>\n<meta name=\"description\" content=\"Consulta las condiciones generales de Talio para comprender las normas que rigen el uso del sitio y tus derechos y obligaciones.\" \/>\n<meta name=\"robots\" content=\"index, follow, max-snippet:-1, max-image-preview:large, max-video-preview:-1\" \/>\n<link rel=\"canonical\" href=\"https:\/\/www.talio.fr\/es\/condiciones-generales\/\" \/>\n<meta property=\"og:locale\" content=\"es_ES\" \/>\n<meta property=\"og:type\" content=\"article\" \/>\n<meta property=\"og:title\" content=\"Condiciones generales - Saint Girons Playa\" \/>\n<meta property=\"og:description\" content=\"Consulta las condiciones generales de Talio para comprender las normas que rigen el uso del sitio y tus derechos y obligaciones.\" \/>\n<meta property=\"og:url\" content=\"https:\/\/www.talio.fr\/es\/condiciones-generales\/\" \/>\n<meta property=\"og:site_name\" content=\"Saint Girons Playa\" \/>\n<meta property=\"article:publisher\" content=\"https:\/\/www.facebook.com\/profile.php?id=100090178197599\" \/>\n<meta property=\"article:modified_time\" content=\"2025-03-04T06:32:52+00:00\" \/>\n<meta name=\"twitter:card\" content=\"summary_large_image\" \/>\n<meta name=\"twitter:label1\" content=\"Tiempo de lectura\" \/>\n\t<meta name=\"twitter:data1\" content=\"2 minuto\" \/>\n<script type=\"application\/ld+json\" class=\"yoast-schema-graph\">{\"@context\":\"https:\/\/schema.org\",\"@graph\":[{\"@type\":\"WebPage\",\"@id\":\"https:\/\/www.talio.fr\/es\/condiciones-generales\/\",\"url\":\"https:\/\/www.talio.fr\/es\/condiciones-generales\/\",\"name\":\"Condiciones generales - Saint Girons Playa\",\"isPartOf\":{\"@id\":\"https:\/\/www.talio.fr\/es\/#website\"},\"datePublished\":\"2025-03-01T17:15:53+00:00\",\"dateModified\":\"2025-03-04T06:32:52+00:00\",\"description\":\"Consulta las condiciones generales de Talio para comprender las normas que rigen el uso del sitio y tus derechos y obligaciones.\",\"breadcrumb\":{\"@id\":\"https:\/\/www.talio.fr\/es\/condiciones-generales\/#breadcrumb\"},\"inLanguage\":\"es\",\"potentialAction\":[{\"@type\":\"ReadAction\",\"target\":[\"https:\/\/www.talio.fr\/es\/condiciones-generales\/\"]}]},{\"@type\":\"BreadcrumbList\",\"@id\":\"https:\/\/www.talio.fr\/es\/condiciones-generales\/#breadcrumb\",\"itemListElement\":[{\"@type\":\"ListItem\",\"position\":1,\"name\":\"Accueil\",\"item\":\"https:\/\/www.talio.fr\/es\/inicio\/\"},{\"@type\":\"ListItem\",\"position\":2,\"name\":\"Condiciones generales\"}]},{\"@type\":\"WebSite\",\"@id\":\"https:\/\/www.talio.fr\/es\/#website\",\"url\":\"https:\/\/www.talio.fr\/es\/\",\"name\":\"talio.fr\",\"description\":\"Entre la duna y el oc\u00e9ano\",\"publisher\":{\"@id\":\"https:\/\/www.talio.fr\/es\/#organization\"},\"potentialAction\":[{\"@type\":\"SearchAction\",\"target\":{\"@type\":\"EntryPoint\",\"urlTemplate\":\"https:\/\/www.talio.fr\/es\/?s={search_term_string}\"},\"query-input\":{\"@type\":\"PropertyValueSpecification\",\"valueRequired\":true,\"valueName\":\"search_term_string\"}}],\"inLanguage\":\"es\"},{\"@type\":\"Organization\",\"@id\":\"https:\/\/www.talio.fr\/es\/#organization\",\"name\":\"Talio Location\",\"url\":\"https:\/\/www.talio.fr\/es\/\",\"logo\":{\"@type\":\"ImageObject\",\"inLanguage\":\"es\",\"@id\":\"https:\/\/www.talio.fr\/es\/#\/schema\/logo\/image\/\",\"url\":\"https:\/\/www.talio.fr\/wp-content\/uploads\/2025\/02\/cropped-cropped-logo-talio-location-landes-e1740557475379.webp\",\"contentUrl\":\"https:\/\/www.talio.fr\/wp-content\/uploads\/2025\/02\/cropped-cropped-logo-talio-location-landes-e1740557475379.webp\",\"width\":1918,\"height\":1186,\"caption\":\"Talio Location\"},\"image\":{\"@id\":\"https:\/\/www.talio.fr\/es\/#\/schema\/logo\/image\/\"},\"sameAs\":[\"https:\/\/www.facebook.com\/profile.php?id=100090178197599\"]}]}<\/script>\n<!-- \/ Yoast SEO plugin. -->","yoast_head_json":{"title":"Condiciones generales - Saint Girons Playa","description":"Consulta las condiciones generales de Talio para comprender las normas que rigen el uso del sitio y tus derechos y obligaciones.","robots":{"index":"index","follow":"follow","max-snippet":"max-snippet:-1","max-image-preview":"max-image-preview:large","max-video-preview":"max-video-preview:-1"},"canonical":"https:\/\/www.talio.fr\/es\/condiciones-generales\/","og_locale":"es_ES","og_type":"article","og_title":"Condiciones generales - Saint Girons Playa","og_description":"Consulta las condiciones generales de Talio para comprender las normas que rigen el uso del sitio y tus derechos y obligaciones.","og_url":"https:\/\/www.talio.fr\/es\/condiciones-generales\/","og_site_name":"Saint Girons Playa","article_publisher":"https:\/\/www.facebook.com\/profile.php?id=100090178197599","article_modified_time":"2025-03-04T06:32:52+00:00","twitter_card":"summary_large_image","twitter_misc":{"Tiempo de lectura":"2 minuto"},"schema":{"@context":"https:\/\/schema.org","@graph":[{"@type":"WebPage","@id":"https:\/\/www.talio.fr\/es\/condiciones-generales\/","url":"https:\/\/www.talio.fr\/es\/condiciones-generales\/","name":"Condiciones generales - Saint Girons Playa","isPartOf":{"@id":"https:\/\/www.talio.fr\/es\/#website"},"datePublished":"2025-03-01T17:15:53+00:00","dateModified":"2025-03-04T06:32:52+00:00","description":"Consulta las condiciones generales de Talio para comprender las normas que rigen el uso del sitio y tus derechos y obligaciones.","breadcrumb":{"@id":"https:\/\/www.talio.fr\/es\/condiciones-generales\/#breadcrumb"},"inLanguage":"es","potentialAction":[{"@type":"ReadAction","target":["https:\/\/www.talio.fr\/es\/condiciones-generales\/"]}]},{"@type":"BreadcrumbList","@id":"https:\/\/www.talio.fr\/es\/condiciones-generales\/#breadcrumb","itemListElement":[{"@type":"ListItem","position":1,"name":"Accueil","item":"https:\/\/www.talio.fr\/es\/inicio\/"},{"@type":"ListItem","position":2,"name":"Condiciones generales"}]},{"@type":"WebSite","@id":"https:\/\/www.talio.fr\/es\/#website","url":"https:\/\/www.talio.fr\/es\/","name":"talio.fr","description":"Entre la duna y el oc\u00e9ano","publisher":{"@id":"https:\/\/www.talio.fr\/es\/#organization"},"potentialAction":[{"@type":"SearchAction","target":{"@type":"EntryPoint","urlTemplate":"https:\/\/www.talio.fr\/es\/?s={search_term_string}"},"query-input":{"@type":"PropertyValueSpecification","valueRequired":true,"valueName":"search_term_string"}}],"inLanguage":"es"},{"@type":"Organization","@id":"https:\/\/www.talio.fr\/es\/#organization","name":"Talio Location","url":"https:\/\/www.talio.fr\/es\/","logo":{"@type":"ImageObject","inLanguage":"es","@id":"https:\/\/www.talio.fr\/es\/#\/schema\/logo\/image\/","url":"https:\/\/www.talio.fr\/wp-content\/uploads\/2025\/02\/cropped-cropped-logo-talio-location-landes-e1740557475379.webp","contentUrl":"https:\/\/www.talio.fr\/wp-content\/uploads\/2025\/02\/cropped-cropped-logo-talio-location-landes-e1740557475379.webp","width":1918,"height":1186,"caption":"Talio Location"},"image":{"@id":"https:\/\/www.talio.fr\/es\/#\/schema\/logo\/image\/"},"sameAs":["https:\/\/www.facebook.com\/profile.php?id=100090178197599"]}]}},"_links":{"self":[{"href":"https:\/\/www.talio.fr\/es\/wp-json\/wp\/v2\/pages\/1422","targetHints":{"allow":["GET"]}}],"collection":[{"href":"https:\/\/www.talio.fr\/es\/wp-json\/wp\/v2\/pages"}],"about":[{"href":"https:\/\/www.talio.fr\/es\/wp-json\/wp\/v2\/types\/page"}],"author":[{"embeddable":true,"href":"https:\/\/www.talio.fr\/es\/wp-json\/wp\/v2\/users\/1"}],"replies":[{"embeddable":true,"href":"https:\/\/www.talio.fr\/es\/wp-json\/wp\/v2\/comments?post=1422"}],"version-history":[{"count":3,"href":"https:\/\/www.talio.fr\/es\/wp-json\/wp\/v2\/pages\/1422\/revisions"}],"predecessor-version":[{"id":1510,"href":"https:\/\/www.talio.fr\/es\/wp-json\/wp\/v2\/pages\/1422\/revisions\/1510"}],"wp:attachment":[{"href":"https:\/\/www.talio.fr\/es\/wp-json\/wp\/v2\/media?parent=1422"}],"curies":[{"name":"wp","href":"https:\/\/api.w.org\/{rel}","templated":true}]}}